{"id":780,"date":"2025-03-31T15:54:28","date_gmt":"2025-03-31T21:54:28","guid":{"rendered":"https:\/\/evida.ugto.mx\/learning\/?page_id=780"},"modified":"2025-04-04T12:46:06","modified_gmt":"2025-04-04T18:46:06","slug":"creamos-tu-curso-en-linea","status":"publish","type":"page","link":"https:\/\/evida.ugto.mx\/learning\/creamos-tu-curso-en-linea\/","title":{"rendered":"Creamos tu curso en l\u00ednea"},"content":{"rendered":"\n<h2 class=\"wp-block-heading has-text-align-center has-nv-c-2-color has-text-color has-link-color wp-elements-e6864d1b51c2d4ae210bfa8f8b4a7ba9\">Tu proyecto de educaci\u00f3n en l\u00ednea comienza aqu\u00ed<\/h2>\n\n\n\n<p class=\"has-text-align-center has-medium-font-size\">Dentro del <strong>Ecosistema VIDA UG<\/strong>, ponemos a su disposici\u00f3n un servicio integral para la creaci\u00f3n de cursos en l\u00ednea, talleres, diplomados y otros formatos de formaci\u00f3n. Nuestro compromiso es acompa\u00f1ar a empresas, gobiernos y sociedad en general con soluciones a la medida, conect\u00e1ndolos con expertos disciplinares que aseguran:<\/p>\n\n\n\n<ul class=\"wp-block-list\">\n<li class=\"has-medium-font-size\"><strong>Desarrollo de contenidos especializados:<\/strong> contamos con una red de profesionales con amplia experiencia en diversas \u00e1reas para dise\u00f1ar contenidos did\u00e1cticos actualizados y de alta calidad.<\/li>\n\n\n\n<li class=\"has-medium-font-size\"><strong>Dise\u00f1o instruccional:<\/strong> elaboramos estrategias did\u00e1cticas que potencian el aprendizaje aut\u00f3nomo y colaborativo.<\/li>\n\n\n\n<li class=\"has-medium-font-size\"><strong>Producci\u00f3n de materiales y recursos digitales:<\/strong> creaci\u00f3n de recursos multimedia y documentos interactivos para optimizar el proceso formativo.<\/li>\n\n\n\n<li class=\"has-medium-font-size\"><strong>Instalaci\u00f3n y gesti\u00f3n en plataformas digitales:<\/strong> configuramos y adaptamos las mejores herramientas tecnol\u00f3gicas para asegurar la difusi\u00f3n y el impacto de sus programas.<\/li>\n<\/ul>\n\n\n\n<p class=\"has-text-align-center has-medium-font-size\">Si desea conocer m\u00e1s o requiere nuestros servicios, le invitamos a enviarnos su propuesta a trav\u00e9s del siguiente formulario.<\/p>\n\n\n\n<h3 class=\"wp-block-heading has-text-align-center has-nv-c-1-color has-text-color has-link-color wp-elements-20ec54f78cb7ef3acdce0853255b8902\">Formulario de contacto<\/h3>\n\n\n\n<div class=\"wp-block-contact-form-7-contact-form-selector aligncenter\">\n<div class=\"wpcf7 no-js\" id=\"wpcf7-f819-o1\" lang=\"es-ES\" dir=\"ltr\" data-wpcf7-id=\"819\">\n<div class=\"screen-reader-response\"><p role=\"status\" aria-live=\"polite\" aria-atomic=\"true\"><\/p> <ul><\/ul><\/div>\n<form action=\"\/learning\/wp-json\/wp\/v2\/pages\/780#wpcf7-f819-o1\" method=\"post\" class=\"wpcf7-form init\" aria-label=\"Formulario de contacto\" novalidate=\"novalidate\" data-status=\"init\">\n<fieldset class=\"hidden-fields-container\"><input type=\"hidden\" name=\"_wpcf7\" value=\"819\" \/><input type=\"hidden\" name=\"_wpcf7_version\" value=\"6.1.5\" \/><input type=\"hidden\" name=\"_wpcf7_locale\" value=\"es_ES\" \/><input type=\"hidden\" name=\"_wpcf7_unit_tag\" value=\"wpcf7-f819-o1\" \/><input type=\"hidden\" name=\"_wpcf7_container_post\" value=\"0\" \/><input type=\"hidden\" name=\"_wpcf7_posted_data_hash\" value=\"\" \/><input type=\"hidden\" name=\"_wpcf7_recaptcha_response\" value=\"\" \/>\n<\/fieldset>\n<p><label><b>Nombre completo (requerido):<\/b><br \/>\n<span class=\"wpcf7-form-control-wrap\" data-name=\"your-name\"><input size=\"40\" maxlength=\"400\" class=\"wpcf7-form-control wpcf7-text wpcf7-validates-as-required\" aria-required=\"true\" aria-invalid=\"false\" value=\"\" type=\"text\" name=\"your-name\" \/><\/span><br \/>\n<\/label>\n<\/p>\n<p><label><b>Correo electr\u00f3nico (requerido):<\/b><br \/>\n<span class=\"wpcf7-form-control-wrap\" data-name=\"your-email\"><input size=\"40\" maxlength=\"400\" class=\"wpcf7-form-control wpcf7-email wpcf7-validates-as-required wpcf7-text wpcf7-validates-as-email\" aria-required=\"true\" aria-invalid=\"false\" value=\"\" type=\"email\" name=\"your-email\" \/><\/span><br \/>\n<\/label>\n<\/p>\n<p><label><b>Organizaci\u00f3n \/ Instituci\u00f3n:<\/b><br \/>\n<span class=\"wpcf7-form-control-wrap\" data-name=\"your-organization\"><input size=\"40\" maxlength=\"400\" class=\"wpcf7-form-control wpcf7-text\" aria-invalid=\"false\" value=\"\" type=\"text\" name=\"your-organization\" \/><\/span><br \/>\n<\/label>\n<\/p>\n<p><label><b>Tipo de servicio requerido:<\/b><br \/>\n<span class=\"wpcf7-form-control-wrap\" data-name=\"your-service\"><select class=\"wpcf7-form-control wpcf7-select\" aria-invalid=\"false\" name=\"your-service\"><option value=\"Cursos en l\u00ednea\">Cursos en l\u00ednea<\/option><option value=\"Talleres\">Talleres<\/option><option value=\"Diplomados\">Diplomados<\/option><option value=\"Otros\">Otros<\/option><\/select><\/span><br \/>\n<\/label>\n<\/p>\n<p><label><b>Breve descripci\u00f3n del requerimiento:<\/b><br \/>\n<span class=\"wpcf7-form-control-wrap\" data-name=\"your-message\"><textarea cols=\"40\" rows=\"10\" maxlength=\"2000\" class=\"wpcf7-form-control wpcf7-textarea\" aria-invalid=\"false\" name=\"your-message\"><\/textarea><\/span><br \/>\n<\/label>\n<\/p>\n<p><input class=\"wpcf7-form-control wpcf7-submit has-spinner\" type=\"submit\" value=\"Enviar Propuesta\" \/>\n<\/p><p style=\"display: none !important;\" class=\"akismet-fields-container\" data-prefix=\"_wpcf7_ak_\"><label>&#916;<textarea name=\"_wpcf7_ak_hp_textarea\" cols=\"45\" rows=\"8\" maxlength=\"100\"><\/textarea><\/label><input type=\"hidden\" id=\"ak_js_1\" name=\"_wpcf7_ak_js\" value=\"244\"\/><script>document.getElementById( \"ak_js_1\" ).setAttribute( \"value\", ( new Date() ).getTime() );<\/script><\/p><div class=\"wpcf7-response-output\" aria-hidden=\"true\"><\/div>\n<\/form>\n<\/div>\n<\/div>\n\n\n\n<p class=\"has-text-align-center has-medium-font-size\">En el <strong>Venture Hub UG<\/strong> contamos con la experiencia y el respaldo de expertos para desarrollar cada proyecto con un enfoque innovador y personalizado. <\/p>\n\n\n\n<p class=\"has-text-align-center has-medium-font-size\"><strong>\u00a1Cont\u00e1ctenos y d\u00e9 el primer paso hacia la transformaci\u00f3n de sus procesos formativos!<\/strong><\/p>\n","protected":false},"excerpt":{"rendered":"<p>Tu proyecto de educaci\u00f3n en l\u00ednea comienza aqu\u00ed Dentro del Ecosistema VIDA UG, ponemos a su disposici\u00f3n un servicio integral para la creaci\u00f3n de cursos en l\u00ednea, talleres, diplomados y otros formatos de formaci\u00f3n. Nuestro compromiso es acompa\u00f1ar a empresas, gobiernos y sociedad en general con soluciones a la medida, conect\u00e1ndolos con expertos disciplinares que&hellip;&nbsp;<a href=\"https:\/\/evida.ugto.mx\/learning\/creamos-tu-curso-en-linea\/\" rel=\"bookmark\">Leer m\u00e1s &raquo;<span class=\"screen-reader-text\">Creamos tu curso en l\u00ednea<\/span><\/a><\/p>\n","protected":false},"author":1,"featured_media":824,"parent":0,"menu_order":0,"comment_status":"closed","ping_status":"closed","template":"","meta":{"_acf_changed":false,"neve_meta_sidebar":"","neve_meta_container":"","neve_meta_enable_content_width":"","neve_meta_content_width":0,"neve_meta_title_alignment":"","neve_meta_author_avatar":"","neve_post_elements_order":"","neve_meta_disable_header":"","neve_meta_disable_footer":"","neve_meta_disable_title":"","footnotes":""},"class_list":["post-780","page","type-page","status-publish","has-post-thumbnail","hentry"],"acf":[],"_links":{"self":[{"href":"https:\/\/evida.ugto.mx\/learning\/wp-json\/wp\/v2\/pages\/780","targetHints":{"allow":["GET"]}}],"collection":[{"href":"https:\/\/evida.ugto.mx\/learning\/wp-json\/wp\/v2\/pages"}],"about":[{"href":"https:\/\/evida.ugto.mx\/learning\/wp-json\/wp\/v2\/types\/page"}],"author":[{"embeddable":true,"href":"https:\/\/evida.ugto.mx\/learning\/wp-json\/wp\/v2\/users\/1"}],"replies":[{"embeddable":true,"href":"https:\/\/evida.ugto.mx\/learning\/wp-json\/wp\/v2\/comments?post=780"}],"version-history":[{"count":3,"href":"https:\/\/evida.ugto.mx\/learning\/wp-json\/wp\/v2\/pages\/780\/revisions"}],"predecessor-version":[{"id":821,"href":"https:\/\/evida.ugto.mx\/learning\/wp-json\/wp\/v2\/pages\/780\/revisions\/821"}],"wp:featuredmedia":[{"embeddable":true,"href":"https:\/\/evida.ugto.mx\/learning\/wp-json\/wp\/v2\/media\/824"}],"wp:attachment":[{"href":"https:\/\/evida.ugto.mx\/learning\/wp-json\/wp\/v2\/media?parent=780"}],"curies":[{"name":"wp","href":"https:\/\/api.w.org\/{rel}","templated":true}]}}