{"id":75,"date":"2024-05-28T21:53:33","date_gmt":"2024-05-28T19:53:33","guid":{"rendered":"https:\/\/evida.ugto.mx\/catalogo\/?page_id=75"},"modified":"2024-12-17T10:23:43","modified_gmt":"2024-12-17T16:23:43","slug":"publicacion-de-programas-en-el-catalogo-de-programas-de-educacion-continua","status":"publish","type":"page","link":"https:\/\/evida.ugto.mx\/catalogo\/publicacion-de-programas-en-el-catalogo-de-programas-de-educacion-continua\/","title":{"rendered":"Publicaci\u00f3n de programas en el Cat\u00e1logo de Programas de Educaci\u00f3n Continua"},"content":{"rendered":"","protected":true},"excerpt":{"rendered":"","protected":true},"author":1,"featured_media":76,"parent":0,"menu_order":0,"comment_status":"closed","ping_status":"closed","template":"","meta":{"_acf_changed":false,"neve_meta_sidebar":"","neve_meta_container":"","neve_meta_enable_content_width":"","neve_meta_content_width":0,"neve_meta_title_alignment":"","neve_meta_author_avatar":"","neve_post_elements_order":"","neve_meta_disable_header":"","neve_meta_disable_footer":"","neve_meta_disable_title":"","footnotes":""},"class_list":["post-75","page","type-page","status-publish","post-password-required","hentry"],"acf":[],"_links":{"self":[{"href":"https:\/\/evida.ugto.mx\/catalogo\/wp-json\/wp\/v2\/pages\/75","targetHints":{"allow":["GET"]}}],"collection":[{"href":"https:\/\/evida.ugto.mx\/catalogo\/wp-json\/wp\/v2\/pages"}],"about":[{"href":"https:\/\/evida.ugto.mx\/catalogo\/wp-json\/wp\/v2\/types\/page"}],"author":[{"embeddable":true,"href":"https:\/\/evida.ugto.mx\/catalogo\/wp-json\/wp\/v2\/users\/1"}],"replies":[{"embeddable":true,"href":"https:\/\/evida.ugto.mx\/catalogo\/wp-json\/wp\/v2\/comments?post=75"}],"version-history":[{"count":1,"href":"https:\/\/evida.ugto.mx\/catalogo\/wp-json\/wp\/v2\/pages\/75\/revisions"}],"predecessor-version":[{"id":77,"href":"https:\/\/evida.ugto.mx\/catalogo\/wp-json\/wp\/v2\/pages\/75\/revisions\/77"}],"wp:featuredmedia":[{"embeddable":true,"href":"https:\/\/evida.ugto.mx\/catalogo\/wp-json\/wp\/v2\/media\/76"}],"wp:attachment":[{"href":"https:\/\/evida.ugto.mx\/catalogo\/wp-json\/wp\/v2\/media?parent=75"}],"curies":[{"name":"wp","href":"https:\/\/api.w.org\/{rel}","templated":true}]}}