{"id":5190,"date":"2024-12-09T12:39:18","date_gmt":"2024-12-09T18:39:18","guid":{"rendered":"https:\/\/evida.ugto.mx\/catalogo\/?page_id=5190"},"modified":"2025-06-04T12:29:01","modified_gmt":"2025-06-04T18:29:01","slug":"dcea","status":"publish","type":"page","link":"https:\/\/evida.ugto.mx\/catalogo\/dcea\/","title":{"rendered":"Oferta de educaci\u00f3n continua de la Divisi\u00f3n de Ciencias Econ\u00f3mico Administrativas"},"content":{"rendered":"\n<div class=\"wp-block-cover alignfull\" style=\"min-height:400px;aspect-ratio:unset;\"><img data-recalc-dims=\"1\" loading=\"lazy\" decoding=\"async\" width=\"1024\" height=\"308\" class=\"wp-block-cover__image-background wp-image-6085 size-large\" alt=\"\" src=\"https:\/\/i0.wp.com\/evida.ugto.mx\/catalogo\/wp-content\/uploads\/sites\/5\/2025\/06\/DCEA_CatalgoAD25.png?resize=1024%2C308&#038;ssl=1\" data-object-fit=\"cover\" srcset=\"https:\/\/i0.wp.com\/evida.ugto.mx\/catalogo\/wp-content\/uploads\/sites\/5\/2025\/06\/DCEA_CatalgoAD25.png?resize=1024%2C308&amp;ssl=1 1024w, https:\/\/i0.wp.com\/evida.ugto.mx\/catalogo\/wp-content\/uploads\/sites\/5\/2025\/06\/DCEA_CatalgoAD25.png?resize=300%2C90&amp;ssl=1 300w, https:\/\/i0.wp.com\/evida.ugto.mx\/catalogo\/wp-content\/uploads\/sites\/5\/2025\/06\/DCEA_CatalgoAD25.png?resize=768%2C231&amp;ssl=1 768w, https:\/\/i0.wp.com\/evida.ugto.mx\/catalogo\/wp-content\/uploads\/sites\/5\/2025\/06\/DCEA_CatalgoAD25.png?w=1498&amp;ssl=1 1498w\" sizes=\"auto, (max-width: 1024px) 100vw, 1024px\" \/><span aria-hidden=\"true\" class=\"wp-block-cover__background has-background-dim-0 has-background-dim\" style=\"background-color:#675d8b\"><\/span><div class=\"wp-block-cover__inner-container is-layout-flow wp-block-cover-is-layout-flow\">\n<p class=\"has-text-align-center has-nv-site-bg-color has-text-color has-link-color has-x-large-font-size wp-elements-93b56ccf19730010452d0da9782164d2\"><strong>Divisi\u00f3n de Ciencias Econ\u00f3mico Administrativas<\/strong><br><strong>Oferta de educaci\u00f3n continua<\/strong><\/p>\n<\/div><\/div>\n\n\n\n<div style=\"height:30px\" aria-hidden=\"true\" class=\"wp-block-spacer\"><\/div>\n\n\n\n<h2 class=\"wp-block-heading has-text-align-center has-text-color has-link-color wp-elements-5ca1a6df011c9724a4643683a1747bac\" style=\"color:#8c6e39\">Introducci\u00f3n<\/h2>\n\n\n\n<p class=\"has-text-align-center\">Descubre la oferta educativa de la Divisi\u00f3n de Ciencias Econ\u00f3mico Administrativas. Explora programas dise\u00f1ados para impulsar tus conocimientos en comercio, finanzas, econom\u00eda, turismo y m\u00e1s. Potencia tu desarrollo profesional con opciones flexibles y de calidad. \u00a1Explora nuestros programas y alcanza tus metas!<\/p>\n\n\n\n<h2 class=\"wp-block-heading has-text-align-center has-text-color has-link-color wp-elements-27c3ba237e775213188f263687160be7\" style=\"color:#8c6e39\">Comercio, Finanzas y Econom\u00eda<\/h2>\n\n\n\n<div class=\"wp-block-columns is-layout-flex wp-container-core-columns-is-layout-9d6595d7 wp-block-columns-is-layout-flex\">\n<div class=\"wp-block-column is-layout-flow wp-block-column-is-layout-flow\">\n<p><a href=\"https:\/\/evida.ugto.mx\/catalogo\/diplomado-en-temas-selectos-de-comercio-internacional\/\">Temas selectos de comercio internacional<\/a><\/p>\n\n\n\n<p><a href=\"https:\/\/evida.ugto.mx\/catalogo\/curso-introduccion-a-la-modelacion-macroeconomica-con-dynare\/\">Introducci\u00f3n a la modelaci\u00f3n macroecon\u00f3mica con Dynare<\/a><\/p>\n<\/div>\n\n\n\n<div class=\"wp-block-column is-layout-flow wp-block-column-is-layout-flow\">\n<p><a href=\"https:\/\/evida.ugto.mx\/catalogo\/diplomado-en-finanzas-para-proyectos-de-inversion-y-sistemas-financieros\/\">Finanzas para proyectos de inversi\u00f3n y sistemas financieros<\/a><\/p>\n\n\n\n<p><a href=\"https:\/\/evida.ugto.mx\/catalogo\/finanzas-bursatiles-cuanticas-con-phyton\/\">Finanzas burs\u00e1tiles cu\u00e1nticas con Phyton<\/a><\/p>\n<\/div>\n<\/div>\n\n\n\n<h2 class=\"wp-block-heading has-text-align-center has-text-color has-link-color wp-elements-8bb0323ead0a70706d345c47099cf283\" style=\"color:#8c6e39\">Contabilidad, Auditor\u00eda y Gesti\u00f3n Gubernamental<\/h2>\n\n\n\n<div class=\"wp-block-columns is-layout-flex wp-container-core-columns-is-layout-9d6595d7 wp-block-columns-is-layout-flex\">\n<div class=\"wp-block-column is-layout-flow wp-block-column-is-layout-flow\">\n<p><a href=\"https:\/\/evida.ugto.mx\/catalogo\/diplomado-en-contabilidad-gubernamental\/\">Contabilidad gubernamental<\/a><\/p>\n\n\n\n<p><a href=\"https:\/\/evida.ugto.mx\/catalogo\/diplomado-en-habilidades-gerenciales\/\">Habilidades gerenciales<\/a><\/p>\n\n\n\n<p><a href=\"https:\/\/evida.ugto.mx\/catalogo\/tramite-y-resolucion-de-responsabilidades-administrativas\/\">Tr\u00e1mite y resoluci\u00f3n de responsabilidades administrativas<\/a><\/p>\n<\/div>\n\n\n\n<div class=\"wp-block-column is-layout-flow wp-block-column-is-layout-flow\">\n<p><a href=\"https:\/\/evida.ugto.mx\/catalogo\/diplomado-en-auditor-en-sistemas-integrados-de-gestion\/\">Auditor en sistemas integrados de gesti\u00f3n<\/a><\/p>\n\n\n\n<p><a href=\"https:\/\/evida.ugto.mx\/catalogo\/diplomado-en-direccion-profesional-de-proyectos\/\">Direcci\u00f3n profesional de proyectos<\/a><\/p>\n<\/div>\n<\/div>\n\n\n\n<h2 class=\"wp-block-heading has-text-align-center has-text-color has-link-color wp-elements-b1975f28730fb765bb7b184404dd4bb1\" style=\"color:#8c6e39\">Gastronom\u00eda, Turismo y Servicio al Cliente<\/h2>\n\n\n\n<div class=\"wp-block-columns is-layout-flex wp-container-core-columns-is-layout-9d6595d7 wp-block-columns-is-layout-flex\">\n<div class=\"wp-block-column is-layout-flow wp-block-column-is-layout-flow\">\n<p><a href=\"https:\/\/evida.ugto.mx\/catalogo\/diplomado-en-administracion-de-restaurantes-y-servicio-al-cliente\/\">Administraci\u00f3n de restaurantes y servicio al cliente<\/a><\/p>\n\n\n\n<p><a href=\"https:\/\/evida.ugto.mx\/catalogo\/diplomado-turismo-sostenible\/\">Turismo sostenible<\/a><\/p>\n<\/div>\n\n\n\n<div class=\"wp-block-column is-layout-flow wp-block-column-is-layout-flow\">\n<p><a href=\"https:\/\/evida.ugto.mx\/catalogo\/curso-esenciales-de-la-panaderia-y-reposteria\/\">Esenciales de la panader\u00eda y reposter\u00eda<\/a><\/p>\n\n\n\n<p><a href=\"https:\/\/evida.ugto.mx\/catalogo\/curso-la-cata-y-el-maridaje\/\">La cata y el maridaje<\/a><\/p>\n<\/div>\n<\/div>\n\n\n\n<h2 class=\"wp-block-heading has-text-align-center has-text-color has-link-color wp-elements-3c58249737d09bb4cfc33c9dfc3ce031\" style=\"color:#8c6e39\">Otros <\/h2>\n\n\n\n<div class=\"wp-block-columns is-layout-flex wp-container-core-columns-is-layout-9d6595d7 wp-block-columns-is-layout-flex\">\n<div class=\"wp-block-column is-layout-flow wp-block-column-is-layout-flow\">\n<p><a href=\"https:\/\/evida.ugto.mx\/catalogo\/diplomado-en-programacion-estadistica-y-ciencias-de-datos-con-r\/\">Programaci\u00f3n estad\u00edstica y ciencias de datos con R<\/a><\/p>\n\n\n\n<p><a href=\"https:\/\/evida.ugto.mx\/catalogo\/curso-business-analytics\/\">Business Analytics<\/a><\/p>\n\n\n\n<p><a href=\"https:\/\/evida.ugto.mx\/catalogo\/seguridad-y-salud-en-el-trabajo\/\">Seguridad y salud en el trabajo<\/a><\/p>\n<\/div>\n\n\n\n<div class=\"wp-block-column is-layout-flow wp-block-column-is-layout-flow\">\n<p><a href=\"https:\/\/evida.ugto.mx\/catalogo\/curso-en-repaso-de-conocimientos-basicos-recoba\/\">Repaso de conocimientos b\u00e1sicos, RECOBA<\/a><\/p>\n\n\n\n<p><a href=\"https:\/\/evida.ugto.mx\/catalogo\/inteligencia-artificial-aplicada-a-las-ciencias-economico-administrativas\/\">Inteligencia artificial aplicada a las ciencias econ\u00f3mico-administrativas<\/a><\/p>\n<\/div>\n<\/div>\n\n\n\n<h2 class=\"wp-block-heading has-text-align-center has-text-color has-link-color wp-elements-3a4514e1f88da377adce722a4e78192f\" style=\"color:#8c6e39\">Cont\u00e1ctanos <\/h2>\n\n\n\n<p class=\"has-text-align-center\">\u00bfTienes dudas o comentarios sobre nuestra oferta educativa? El \u00e1rea de Educaci\u00f3n Continua de la Divisi\u00f3n de Ciencias Econ\u00f3mico Administrativas est\u00e1 aqu\u00ed para ayudarte. Llena el siguiente formulario y nos pondremos en contacto contigo a la brevedad:<\/p>\n\n\n\n<div class=\"wp-block-contact-form-7-contact-form-selector aligncenter\">\n<div class=\"wpcf7 no-js\" id=\"wpcf7-f5535-o1\" lang=\"es-ES\" dir=\"ltr\" data-wpcf7-id=\"5535\">\n<div class=\"screen-reader-response\"><p role=\"status\" aria-live=\"polite\" aria-atomic=\"true\"><\/p> <ul><\/ul><\/div>\n<form action=\"\/catalogo\/wp-json\/wp\/v2\/pages\/5190#wpcf7-f5535-o1\" method=\"post\" class=\"wpcf7-form init\" aria-label=\"Formulario de contacto\" novalidate=\"novalidate\" data-status=\"init\">\n<fieldset class=\"hidden-fields-container\"><input type=\"hidden\" name=\"_wpcf7\" value=\"5535\" \/><input type=\"hidden\" name=\"_wpcf7_version\" value=\"6.1.5\" \/><input type=\"hidden\" name=\"_wpcf7_locale\" value=\"es_ES\" \/><input type=\"hidden\" name=\"_wpcf7_unit_tag\" value=\"wpcf7-f5535-o1\" \/><input type=\"hidden\" name=\"_wpcf7_container_post\" value=\"0\" \/><input type=\"hidden\" name=\"_wpcf7_posted_data_hash\" value=\"\" \/><input type=\"hidden\" name=\"_wpcf7_recaptcha_response\" value=\"\" \/>\n<\/fieldset>\n<p><label> Tu nombre<br \/>\n<span class=\"wpcf7-form-control-wrap\" data-name=\"your-name\"><input size=\"40\" maxlength=\"400\" class=\"wpcf7-form-control wpcf7-text wpcf7-validates-as-required\" autocomplete=\"name\" aria-required=\"true\" aria-invalid=\"false\" value=\"\" type=\"text\" name=\"your-name\" \/><\/span> <\/label>\n<\/p>\n<p><label> Tu correo electr\u00f3nico<br \/>\n<span class=\"wpcf7-form-control-wrap\" data-name=\"your-email\"><input size=\"40\" maxlength=\"400\" class=\"wpcf7-form-control wpcf7-email wpcf7-validates-as-required wpcf7-text wpcf7-validates-as-email\" autocomplete=\"email\" aria-required=\"true\" aria-invalid=\"false\" value=\"\" type=\"email\" name=\"your-email\" \/><\/span> <\/label>\n<\/p>\n<p><label> Asunto<br \/>\n<span class=\"wpcf7-form-control-wrap\" data-name=\"your-subject\"><input size=\"40\" maxlength=\"400\" class=\"wpcf7-form-control wpcf7-text wpcf7-validates-as-required\" aria-required=\"true\" aria-invalid=\"false\" value=\"\" type=\"text\" name=\"your-subject\" \/><\/span> <\/label>\n<\/p>\n<p><label> Tu mensaje (opcional)<br \/>\n<span class=\"wpcf7-form-control-wrap\" data-name=\"your-message\"><textarea cols=\"40\" rows=\"10\" maxlength=\"2000\" class=\"wpcf7-form-control wpcf7-textarea\" aria-invalid=\"false\" name=\"your-message\"><\/textarea><\/span> <\/label>\n<\/p>\n<p><input class=\"wpcf7-form-control wpcf7-submit has-spinner\" type=\"submit\" value=\"Enviar\" \/>\n<\/p><p style=\"display: none !important;\" class=\"akismet-fields-container\" data-prefix=\"_wpcf7_ak_\"><label>&#916;<textarea name=\"_wpcf7_ak_hp_textarea\" cols=\"45\" rows=\"8\" maxlength=\"100\"><\/textarea><\/label><input type=\"hidden\" id=\"ak_js_1\" name=\"_wpcf7_ak_js\" value=\"74\"\/><script data-jetpack-boost=\"ignore\">document.getElementById( \"ak_js_1\" ).setAttribute( \"value\", ( new Date() ).getTime() );<\/script><\/p><div class=\"wpcf7-response-output\" aria-hidden=\"true\"><\/div>\n<\/form>\n<\/div>\n<\/div>\n\n\n\n<div style=\"height:50px\" aria-hidden=\"true\" class=\"wp-block-spacer\"><\/div>\n","protected":false},"excerpt":{"rendered":"<p>Introducci\u00f3n Descubre la oferta educativa de la Divisi\u00f3n de Ciencias Econ\u00f3mico Administrativas. Explora programas dise\u00f1ados para impulsar tus conocimientos en comercio, finanzas, econom\u00eda, turismo y m\u00e1s. Potencia tu desarrollo profesional con opciones flexibles y de calidad. \u00a1Explora nuestros programas y alcanza tus metas! Comercio, Finanzas y Econom\u00eda Temas selectos de comercio internacional Introducci\u00f3n a la&hellip;&nbsp;<a href=\"https:\/\/evida.ugto.mx\/catalogo\/dcea\/\" rel=\"bookmark\">Leer m\u00e1s &raquo;<span class=\"screen-reader-text\">Oferta de educaci\u00f3n continua de la Divisi\u00f3n de Ciencias Econ\u00f3mico Administrativas<\/span><\/a><\/p>\n","protected":false},"author":3,"featured_media":0,"parent":0,"menu_order":0,"comment_status":"closed","ping_status":"closed","template":"","meta":{"_acf_changed":false,"neve_meta_sidebar":"","neve_meta_container":"","neve_meta_enable_content_width":"","neve_meta_content_width":0,"neve_meta_title_alignment":"","neve_meta_author_avatar":"","neve_post_elements_order":"","neve_meta_disable_header":"","neve_meta_disable_footer":"","neve_meta_disable_title":"on","footnotes":""},"class_list":["post-5190","page","type-page","status-publish","hentry"],"acf":[],"_links":{"self":[{"href":"https:\/\/evida.ugto.mx\/catalogo\/wp-json\/wp\/v2\/pages\/5190","targetHints":{"allow":["GET"]}}],"collection":[{"href":"https:\/\/evida.ugto.mx\/catalogo\/wp-json\/wp\/v2\/pages"}],"about":[{"href":"https:\/\/evida.ugto.mx\/catalogo\/wp-json\/wp\/v2\/types\/page"}],"author":[{"embeddable":true,"href":"https:\/\/evida.ugto.mx\/catalogo\/wp-json\/wp\/v2\/users\/3"}],"replies":[{"embeddable":true,"href":"https:\/\/evida.ugto.mx\/catalogo\/wp-json\/wp\/v2\/comments?post=5190"}],"version-history":[{"count":1,"href":"https:\/\/evida.ugto.mx\/catalogo\/wp-json\/wp\/v2\/pages\/5190\/revisions"}],"predecessor-version":[{"id":6172,"href":"https:\/\/evida.ugto.mx\/catalogo\/wp-json\/wp\/v2\/pages\/5190\/revisions\/6172"}],"wp:attachment":[{"href":"https:\/\/evida.ugto.mx\/catalogo\/wp-json\/wp\/v2\/media?parent=5190"}],"curies":[{"name":"wp","href":"https:\/\/api.w.org\/{rel}","templated":true}]}}