{"id":1450,"date":"2024-06-13T09:58:42","date_gmt":"2024-06-13T15:58:42","guid":{"rendered":"https:\/\/evida.ugto.mx\/catalogo\/?page_id=1450"},"modified":"2025-11-27T10:19:00","modified_gmt":"2025-11-27T16:19:00","slug":"programas-de-educacion-continua-personalizados","status":"publish","type":"page","link":"https:\/\/evida.ugto.mx\/catalogo\/programas-de-educacion-continua-personalizados\/","title":{"rendered":"Programas de educaci\u00f3n continua personalizados"},"content":{"rendered":"\n<h2 class=\"wp-block-heading has-text-align-center\"><strong>\u00bfNecesitas un programa de educaci\u00f3n continua adaptado a tus necesidades?<\/strong><\/h2>\n\n\n\n<h3 class=\"wp-block-heading has-text-align-center\"><strong>Estamos aqu\u00ed para ayudarte<\/strong><\/h3>\n\n\n\n<p>En la Universidad de Guanajuato, estamos comprometidos con tu desarrollo y capacitaci\u00f3n continua. Si necesitas un programa de educaci\u00f3n continua personalizado, ya sea porque no encuentras lo que buscas en nuestra oferta actual o porque requieres un formato diferente, queremos saber m\u00e1s sobre tus necesidades.<\/p>\n\n\n\n<p>Por favor, completa el formulario a continuaci\u00f3n y cu\u00e9ntanos qu\u00e9 tipo de programa est\u00e1s buscando. Evaluaremos tu petici\u00f3n para ofrecerte una soluci\u00f3n a medida y nos pondremos en contacto contigo en un plazo de 3 d\u00edas h\u00e1biles para informarte sobre las posibles opciones.<\/p>\n\n\n\n<h3 class=\"wp-block-heading has-text-align-center\"><strong>Solicitud de Programas personalizados<\/strong><\/h3>\n\n\n\n<iframe\n      id=\"JotFormIFrame-253304454321043\"\n      title=\"Asistente de diagn\u00f3stico de necesidades\"\n      onload=\"window.parent.scrollTo(0,0)\"\n      allowtransparency=\"true\"\n      allow=\"geolocation; microphone; camera; fullscreen; payment\"\n      src=\"https:\/\/form.jotform.com\/253304454321043\"\n      frameborder=\"0\"\n      style=\"min-width:100%;max-width:100%;height:539px;border:none;\"\n      scrolling=\"no\"\n    >\n    <\/iframe>\n    <script src='https:\/\/cdn.jotfor.ms\/s\/umd\/latest\/for-form-embed-handler.js'><\/script>\n    <script>window.jotformEmbedHandler(\"iframe[id='JotFormIFrame-253304454321043']\", \"https:\/\/form.jotform.com\/\")<\/script>\n\n\n\n<div style=\"height:50px\" aria-hidden=\"true\" class=\"wp-block-spacer\"><\/div>\n","protected":false},"excerpt":{"rendered":"<p>\u00bfNecesitas un programa de educaci\u00f3n continua adaptado a tus necesidades? Estamos aqu\u00ed para ayudarte En la Universidad de Guanajuato, estamos comprometidos con tu desarrollo y capacitaci\u00f3n continua. Si necesitas un programa de educaci\u00f3n continua personalizado, ya sea porque no encuentras lo que buscas en nuestra oferta actual o porque requieres un formato diferente, queremos saber&hellip;&nbsp;<a href=\"https:\/\/evida.ugto.mx\/catalogo\/programas-de-educacion-continua-personalizados\/\" rel=\"bookmark\">Leer m\u00e1s &raquo;<span class=\"screen-reader-text\">Programas de educaci\u00f3n continua personalizados<\/span><\/a><\/p>\n","protected":false},"author":1,"featured_media":7401,"parent":0,"menu_order":0,"comment_status":"closed","ping_status":"closed","template":"","meta":{"_acf_changed":false,"neve_meta_sidebar":"","neve_meta_container":"","neve_meta_enable_content_width":"","neve_meta_content_width":0,"neve_meta_title_alignment":"","neve_meta_author_avatar":"","neve_post_elements_order":"","neve_meta_disable_header":"","neve_meta_disable_footer":"","neve_meta_disable_title":"","footnotes":""},"class_list":["post-1450","page","type-page","status-publish","has-post-thumbnail","hentry"],"acf":[],"_links":{"self":[{"href":"https:\/\/evida.ugto.mx\/catalogo\/wp-json\/wp\/v2\/pages\/1450","targetHints":{"allow":["GET"]}}],"collection":[{"href":"https:\/\/evida.ugto.mx\/catalogo\/wp-json\/wp\/v2\/pages"}],"about":[{"href":"https:\/\/evida.ugto.mx\/catalogo\/wp-json\/wp\/v2\/types\/page"}],"author":[{"embeddable":true,"href":"https:\/\/evida.ugto.mx\/catalogo\/wp-json\/wp\/v2\/users\/1"}],"replies":[{"embeddable":true,"href":"https:\/\/evida.ugto.mx\/catalogo\/wp-json\/wp\/v2\/comments?post=1450"}],"version-history":[{"count":1,"href":"https:\/\/evida.ugto.mx\/catalogo\/wp-json\/wp\/v2\/pages\/1450\/revisions"}],"predecessor-version":[{"id":7407,"href":"https:\/\/evida.ugto.mx\/catalogo\/wp-json\/wp\/v2\/pages\/1450\/revisions\/7407"}],"wp:featuredmedia":[{"embeddable":true,"href":"https:\/\/evida.ugto.mx\/catalogo\/wp-json\/wp\/v2\/media\/7401"}],"wp:attachment":[{"href":"https:\/\/evida.ugto.mx\/catalogo\/wp-json\/wp\/v2\/media?parent=1450"}],"curies":[{"name":"wp","href":"https:\/\/api.w.org\/{rel}","templated":true}]}}